{"id":21,"date":"2020-01-15T11:23:58","date_gmt":"2020-01-15T13:23:58","guid":{"rendered":"http:\/\/cidadania.sorocaba.sp.gov.br\/lideranca\/?page_id=21"},"modified":"2024-04-23T09:41:05","modified_gmt":"2024-04-23T12:41:05","slug":"a-funcao","status":"publish","type":"page","link":"https:\/\/cidadania.sorocaba.sp.gov.br\/lideranca\/a-funcao\/","title":{"rendered":"A fun\u00e7\u00e3o"},"content":{"rendered":"<p>As principais fun\u00e7\u00f5es de uma associa\u00e7\u00e3o ou de um l\u00edder comunit\u00e1rio s\u00e3o:<\/p>\n<ul>\n<li>ouvir os anseios da popula\u00e7\u00e3o e represent\u00e1-la junto ao Poder P\u00fablico, com o pleito de a\u00e7\u00f5es que garantam qualidade de vida dos moradores de determinada regi\u00e3o<\/li>\n<li>buscar melhorias para a comunidade e promover a\u00e7\u00f5es para contribuir com o desenvolvimento social e econ\u00f4mico das fam\u00edlias que moram em determinado bairro<\/li>\n<li>propor a\u00e7\u00f5es espec\u00edficas para a diversidade do bairro e conforme a caracter\u00edstica de sua popula\u00e7\u00e3o (predomin\u00e2ncia de idosos, crian\u00e7as, donas de casa, pessoas em situa\u00e7\u00e3o de vulnerabilidade social), lan\u00e7ando m\u00e3o de parcerias e de voluntariado (utilizando-se, para tal, de programas como o Sorocaba Volunt\u00e1ria)<\/li>\n<li>desenvolver parcerias com o Poder P\u00fablico e com a iniciativa privada para empreender melhorias em sua regi\u00e3o de atua\u00e7\u00e3o<\/li>\n<\/ul>\n","protected":false},"excerpt":{"rendered":"<p>As principais fun\u00e7\u00f5es de uma associa\u00e7\u00e3o ou de um l\u00edder comunit\u00e1rio s\u00e3o: ouvir os anseios da popula\u00e7\u00e3o e represent\u00e1-la junto ao Poder P\u00fablico, com o pleito de a\u00e7\u00f5es que garantam qualidade de vida dos moradores de determinada regi\u00e3o buscar melhorias para a comunidade e promover a\u00e7\u00f5es para contribuir com o desenvolvimento social e econ\u00f4mico das&nbsp; <a href=\"https:\/\/cidadania.sorocaba.sp.gov.br\/lideranca\/a-funcao\/\">&hellip; Leia mais<\/a><\/p>\n","protected":false},"author":15,"featured_media":0,"parent":0,"menu_order":0,"comment_status":"closed","ping_status":"closed","template":"page-subsite-menu.php","meta":{"footnotes":""},"class_list":["post-21","page","type-page","status-publish","hentry"],"_links":{"self":[{"href":"https:\/\/cidadania.sorocaba.sp.gov.br\/lideranca\/wp-json\/wp\/v2\/pages\/21","targetHints":{"allow":["GET"]}}],"collection":[{"href":"https:\/\/cidadania.sorocaba.sp.gov.br\/lideranca\/wp-json\/wp\/v2\/pages"}],"about":[{"href":"https:\/\/cidadania.sorocaba.sp.gov.br\/lideranca\/wp-json\/wp\/v2\/types\/page"}],"author":[{"embeddable":true,"href":"https:\/\/cidadania.sorocaba.sp.gov.br\/lideranca\/wp-json\/wp\/v2\/users\/15"}],"replies":[{"embeddable":true,"href":"https:\/\/cidadania.sorocaba.sp.gov.br\/lideranca\/wp-json\/wp\/v2\/comments?post=21"}],"version-history":[{"count":4,"href":"https:\/\/cidadania.sorocaba.sp.gov.br\/lideranca\/wp-json\/wp\/v2\/pages\/21\/revisions"}],"predecessor-version":[{"id":36,"href":"https:\/\/cidadania.sorocaba.sp.gov.br\/lideranca\/wp-json\/wp\/v2\/pages\/21\/revisions\/36"}],"wp:attachment":[{"href":"https:\/\/cidadania.sorocaba.sp.gov.br\/lideranca\/wp-json\/wp\/v2\/media?parent=21"}],"curies":[{"name":"wp","href":"https:\/\/api.w.org\/{rel}","templated":true}]}}