{"id":22,"date":"2020-01-15T11:23:58","date_gmt":"2020-01-15T13:23:58","guid":{"rendered":"http:\/\/cidadania.sorocaba.sp.gov.br\/lideranca\/?page_id=22"},"modified":"2024-04-23T09:41:05","modified_gmt":"2024-04-23T12:41:05","slug":"associacoes-sociedades-e-liderancas-comunitarias","status":"publish","type":"page","link":"https:\/\/cidadania.sorocaba.sp.gov.br\/lideranca\/","title":{"rendered":"Associa\u00e7\u00f5es\/Sociedades e Lideran\u00e7as Comunit\u00e1rias"},"content":{"rendered":"<p>  Uma das importantes atribui\u00e7\u00f5es da SECID, visando ao fomento da efetiva participa\u00e7\u00e3o popular, \u00e9 a de prestar apoio \u00e0s organiza\u00e7\u00f5es e \u00e0s lideran\u00e7as comunit\u00e1rias, em quest\u00f5es administrativas, encaminhamento de demandas, forma\u00e7\u00e3o continuada, regulariza\u00e7\u00e3o e funcionamento, entre outras atividades relacionadas.<\/p>\n<p>       O estreitamento na rela\u00e7\u00e3o entre as lideran\u00e7as comunit\u00e1rias e o Poder P\u00fablico melhora a comunica\u00e7\u00e3o e contribui com a \u00e1rdua tarefa de capta\u00e7\u00e3o e encaminhamento de demandas de ambos os lados. As intera\u00e7\u00f5es rotineiras entre as mais diversas organiza\u00e7\u00f5es\/lideran\u00e7as comunit\u00e1rias e as Secretarias Municipais s\u00e3o viabilizadas pelo papel articulador estrat\u00e9gico da SECID.<\/p>\n<p>       Dessa forma, \u00e9 poss\u00edvel identificar situa\u00e7\u00f5es em que a Prefeitura pode contribuir para o desenvolvimento da comunidade, bem como os casos em que as associa\u00e7\u00f5es e lideran\u00e7as comunit\u00e1rias podem, por meio de parcerias, oportunizar a presta\u00e7\u00e3o de servi\u00e7os de interesse p\u00fablico.<\/p>\n<p>       Cabe, tamb\u00e9m, \u00e0 SECID manter o cadastro de organiza\u00e7\u00f5es e lideran\u00e7as comunit\u00e1rias atualizado, visando o f\u00e1cil acesso e ampliando o alcance da comunica\u00e7\u00e3o dos programas e a\u00e7\u00f5es do Governo e dos eventos e oportunidades de interesse comunit\u00e1rio da iniciativa privada.      <\/p>\n","protected":false},"excerpt":{"rendered":"<p>Uma das importantes atribui\u00e7\u00f5es da SECID, visando ao fomento da efetiva participa\u00e7\u00e3o popular, \u00e9 a de prestar apoio \u00e0s organiza\u00e7\u00f5es e \u00e0s lideran\u00e7as comunit\u00e1rias, em quest\u00f5es administrativas, encaminhamento de demandas, forma\u00e7\u00e3o continuada, regulariza\u00e7\u00e3o e funcionamento, entre outras atividades relacionadas. O estreitamento na rela\u00e7\u00e3o entre as lideran\u00e7as comunit\u00e1rias e o Poder P\u00fablico melhora a comunica\u00e7\u00e3o e&nbsp; <a href=\"https:\/\/cidadania.sorocaba.sp.gov.br\/lideranca\/\">&hellip; Leia mais<\/a><\/p>\n","protected":false},"author":15,"featured_media":0,"parent":0,"menu_order":0,"comment_status":"closed","ping_status":"closed","template":"page-subsite-menu.php","meta":{"footnotes":""},"class_list":["post-22","page","type-page","status-publish","hentry"],"_links":{"self":[{"href":"https:\/\/cidadania.sorocaba.sp.gov.br\/lideranca\/wp-json\/wp\/v2\/pages\/22","targetHints":{"allow":["GET"]}}],"collection":[{"href":"https:\/\/cidadania.sorocaba.sp.gov.br\/lideranca\/wp-json\/wp\/v2\/pages"}],"about":[{"href":"https:\/\/cidadania.sorocaba.sp.gov.br\/lideranca\/wp-json\/wp\/v2\/types\/page"}],"author":[{"embeddable":true,"href":"https:\/\/cidadania.sorocaba.sp.gov.br\/lideranca\/wp-json\/wp\/v2\/users\/15"}],"replies":[{"embeddable":true,"href":"https:\/\/cidadania.sorocaba.sp.gov.br\/lideranca\/wp-json\/wp\/v2\/comments?post=22"}],"version-history":[{"count":2,"href":"https:\/\/cidadania.sorocaba.sp.gov.br\/lideranca\/wp-json\/wp\/v2\/pages\/22\/revisions"}],"predecessor-version":[{"id":32,"href":"https:\/\/cidadania.sorocaba.sp.gov.br\/lideranca\/wp-json\/wp\/v2\/pages\/22\/revisions\/32"}],"wp:attachment":[{"href":"https:\/\/cidadania.sorocaba.sp.gov.br\/lideranca\/wp-json\/wp\/v2\/media?parent=22"}],"curies":[{"name":"wp","href":"https:\/\/api.w.org\/{rel}","templated":true}]}}